{"id":1981,"date":"2021-06-05T14:41:38","date_gmt":"2021-06-05T14:41:38","guid":{"rendered":"https:\/\/menuiserie-louisjallet.fr\/index.php\/nos-realisations-menuiseries-exterieures-copy\/"},"modified":"2021-06-29T10:46:39","modified_gmt":"2021-06-29T10:46:39","slug":"nos-realisations-menuiseries-interieures","status":"publish","type":"page","link":"https:\/\/menuiserie-louisjallet.fr\/index.php\/nos-realisations-menuiseries-interieures\/","title":{"rendered":"Menuiseries int\u00e9rieures"},"content":{"rendered":"\t\t<div data-elementor-type=\"wp-page\" data-elementor-id=\"1981\" class=\"elementor elementor-1981\">\n\t\t\t\t\t\t<section class=\"elementor-section elementor-top-section elementor-element elementor-element-b41096b elementor-section-content-middle elementor-section-boxed elementor-section-height-default elementor-section-height-default\" data-id=\"b41096b\" data-element_type=\"section\" data-settings=\"{&quot;background_background&quot;:&quot;classic&quot;}\">\n\t\t\t\t\t\t\t<div class=\"elementor-background-overlay\"><\/div>\n\t\t\t\t\t\t\t<div class=\"elementor-container elementor-column-gap-no\">\n\t\t\t\t\t<div class=\"elementor-column elementor-col-100 elementor-top-column elementor-element elementor-element-1bfc1b3f\" data-id=\"1bfc1b3f\" data-element_type=\"column\">\n\t\t\t<div class=\"elementor-widget-wrap elementor-element-populated\">\n\t\t\t\t\t\t<div class=\"elementor-element elementor-element-37c89a46 elementor-widget elementor-widget-heading\" data-id=\"37c89a46\" data-element_type=\"widget\" data-widget_type=\"heading.default\">\n\t\t\t\t<div class=\"elementor-widget-container\">\n\t\t\t<h4 class=\"elementor-heading-title elementor-size-default\">Exemples de nos r\u00e9alisations<br>de menuiseries int\u00e9rieures<\/h4>\t\t<\/div>\n\t\t\t\t<\/div>\n\t\t\t\t<div class=\"elementor-element elementor-element-7b9a04f elementor-widget-divider--view-line elementor-widget elementor-widget-divider\" data-id=\"7b9a04f\" data-element_type=\"widget\" data-widget_type=\"divider.default\">\n\t\t\t\t<div class=\"elementor-widget-container\">\n\t\t\t\t\t<div class=\"elementor-divider\">\n\t\t\t<span class=\"elementor-divider-separator\">\n\t\t\t\t\t\t<\/span>\n\t\t<\/div>\n\t\t\t\t<\/div>\n\t\t\t\t<\/div>\n\t\t\t\t<div class=\"elementor-element elementor-element-4480195e elementor-widget elementor-widget-heading\" data-id=\"4480195e\" data-element_type=\"widget\" data-widget_type=\"heading.default\">\n\t\t\t\t<div class=\"elementor-widget-container\">\n\t\t\t<h5 class=\"elementor-heading-title elementor-size-default\">Pour vous inspirer<\/h5>\t\t<\/div>\n\t\t\t\t<\/div>\n\t\t\t\t\t<\/div>\n\t\t<\/div>\n\t\t\t\t\t<\/div>\n\t\t<\/section>\n\t\t\t\t<section class=\"elementor-section elementor-top-section elementor-element elementor-element-b2b0397 elementor-section-boxed elementor-section-height-default elementor-section-height-default\" data-id=\"b2b0397\" data-element_type=\"section\">\n\t\t\t\t\t\t<div class=\"elementor-container elementor-column-gap-default\">\n\t\t\t\t\t<div class=\"elementor-column elementor-col-100 elementor-top-column elementor-element elementor-element-4383d44\" data-id=\"4383d44\" data-element_type=\"column\">\n\t\t\t<div class=\"elementor-widget-wrap elementor-element-populated\">\n\t\t\t\t\t\t<div class=\"elementor-element elementor-element-48aeda7 elementor-widget elementor-widget-spacer\" data-id=\"48aeda7\" data-element_type=\"widget\" data-widget_type=\"spacer.default\">\n\t\t\t\t<div class=\"elementor-widget-container\">\n\t\t\t\t\t<div class=\"elementor-spacer\">\n\t\t\t<div class=\"elementor-spacer-inner\"><\/div>\n\t\t<\/div>\n\t\t\t\t<\/div>\n\t\t\t\t<\/div>\n\t\t\t\t\t<\/div>\n\t\t<\/div>\n\t\t\t\t\t<\/div>\n\t\t<\/section>\n\t\t\t\t<section class=\"elementor-section elementor-top-section elementor-element elementor-element-a3b37fd elementor-section-boxed elementor-section-height-default elementor-section-height-default\" data-id=\"a3b37fd\" data-element_type=\"section\">\n\t\t\t\t\t\t<div class=\"elementor-container elementor-column-gap-default\">\n\t\t\t\t\t<div class=\"elementor-column elementor-col-100 elementor-top-column elementor-element elementor-element-0ae8a92\" data-id=\"0ae8a92\" data-element_type=\"column\">\n\t\t\t<div class=\"elementor-widget-wrap elementor-element-populated\">\n\t\t\t\t\t\t<div class=\"elementor-element elementor-element-9fcc0c4 elementor-widget elementor-widget-shortcode\" data-id=\"9fcc0c4\" data-element_type=\"widget\" data-widget_type=\"shortcode.default\">\n\t\t\t\t<div class=\"elementor-widget-container\">\n\t\t\t\t\t<div class=\"elementor-shortcode\"><!-- Final Tiles Grid Gallery for WordPress v3.5.8 free --><style>#ftg-33 .tile .icon { color:#ffffff; }#ftg-33 .ftg-items .loading-bar i { background:#ffffff; }#ftg-33 .ftg-items .loading-bar { background:#fff; }#ftg-33 .tile .icon { font-size:12px; }#ftg-33 .tile .icon { margin: -6px 0 0 -6px; }#ftg-33 .tile .caption-block .text-wrapper span.text { font-size:14px; }#ftg-33 .tile .caption-outside .text-wrapper span.text { font-size:14px; }#ftg-33 .tile .caption-block .text-wrapper span.title { font-size:14px; }#ftg-33 .tile .caption-outside .text-wrapper span.title { font-size:14px; }#ftg-33 .tile { background-color: transparent; }#ftg-33 .tile .caption-block .text-wrapper span.text { color: #ffffff; }#ftg-33 .tile .caption-block .text-wrapper span.title { color: #ffffff; }#ftg-33 .tile .caption-outside .text-wrapper span.text { color: #ffffff; }#ftg-33 .tile .caption-outside .text-wrapper span.title { color: #ffffff; }#ftg-33 .tile .ftg-social a { color: #ffffff; }#ftg-33 .tile .caption-block { transition-duration:0.25s; }#ftg-33 .tile .tile-inner:before { background-color: #503321; }#ftg-33 .tile .tile-inner:before { background-color: rgba(80, 51, 33, 0.75); }#ftg-33 .tile:hover img {-moz-transform: ;-webkit-transform: ;-o-transform: ;-ms-transform: ;transform: ;}<\/style><a name='3'><\/a><div class='final-tiles-gallery  ftg-hover-enabled caption-inside  caption-none caption-middle caption-center' id='ftg-33' style='width:100%'><div class='ftg-items'><div class='loading-bar'><i><\/i><\/div><div  class='tile ftg-preload  '><a title=\"Echelle de meunier et garde-corps\" data-lightbox='ftg-33' rel='ftg-33'  class=' tile-inner  ftg-lightbox' href='https:\/\/menuiserie-louisjallet.fr\/wp-content\/uploads\/2021\/06\/Echelle-de-meunier-et-garde-corps-1024x768.jpg' ><img alt='Echelle de meunier et garde-corps' class='item skip-lazy' data-class='item' data-ftg-source='https:\/\/menuiserie-louisjallet.fr\/wp-content\/uploads\/2021\/06\/Echelle-de-meunier-et-garde-corps-1024x768.jpg' src='https:\/\/menuiserie-louisjallet.fr\/wp-content\/uploads\/2021\/06\/Echelle-de-meunier-et-garde-corps-1024x768.jpg' width='2560' height='1920' \/><div class='caption-block'><div class='text-wrapper'><span class='title'>Echelle de meunier et garde-corps<\/span><\/div><\/div><\/a><div class='ftg-social'><\/div><\/div><div  class='tile ftg-preload  '><a title=\"Echelle de meunier\" data-lightbox='ftg-33' rel='ftg-33'  class=' tile-inner  ftg-lightbox' href='https:\/\/menuiserie-louisjallet.fr\/wp-content\/uploads\/2021\/06\/Echelle-de-meunier-768x1024.jpg' ><img alt='Echelle de meunier' class='item skip-lazy' data-class='item' data-ftg-source='https:\/\/menuiserie-louisjallet.fr\/wp-content\/uploads\/2021\/06\/Echelle-de-meunier-768x1024.jpg' src='https:\/\/menuiserie-louisjallet.fr\/wp-content\/uploads\/2021\/06\/Echelle-de-meunier-768x1024.jpg' width='1920' height='2560' \/><div class='caption-block'><div class='text-wrapper'><span class='title'>Echelle de meunier<\/span><\/div><\/div><\/a><div class='ftg-social'><\/div><\/div><div  class='tile ftg-preload  '><a title=\"Habillages lat\u00e9raux des fen\u00eatres\" data-lightbox='ftg-33' rel='ftg-33'  class=' tile-inner  ftg-lightbox' href='https:\/\/menuiserie-louisjallet.fr\/wp-content\/uploads\/2021\/06\/Habillages-lateraux-des-fenetres-2-683x1024.jpg' ><img alt='Habillages lat\u00e9raux des fen\u00eatres' class='item skip-lazy' data-class='item' data-ftg-source='https:\/\/menuiserie-louisjallet.fr\/wp-content\/uploads\/2021\/06\/Habillages-lateraux-des-fenetres-2-683x1024.jpg' src='https:\/\/menuiserie-louisjallet.fr\/wp-content\/uploads\/2021\/06\/Habillages-lateraux-des-fenetres-2-683x1024.jpg' width='1707' height='2560' \/><div class='caption-block'><div class='text-wrapper'><span class='title'>Habillages lat\u00e9raux des fen\u00eatres<\/span><\/div><\/div><\/a><div class='ftg-social'><\/div><\/div><div  class='tile ftg-preload  '><a title=\"Habillages lat\u00e9raux des fen\u00eatres\" data-lightbox='ftg-33' rel='ftg-33'  class=' tile-inner  ftg-lightbox' href='https:\/\/menuiserie-louisjallet.fr\/wp-content\/uploads\/2021\/06\/Habillages-lateraux-des-fenetres-683x1024.jpg' ><img alt='Habillages lat\u00e9raux des fen\u00eatres' class='item skip-lazy' data-class='item' data-ftg-source='https:\/\/menuiserie-louisjallet.fr\/wp-content\/uploads\/2021\/06\/Habillages-lateraux-des-fenetres-683x1024.jpg' src='https:\/\/menuiserie-louisjallet.fr\/wp-content\/uploads\/2021\/06\/Habillages-lateraux-des-fenetres-683x1024.jpg' width='1280' height='1920' \/><div class='caption-block'><div class='text-wrapper'><span class='title'>Habillages lat\u00e9raux des fen\u00eatres<\/span><\/div><\/div><\/a><div class='ftg-social'><\/div><\/div><div  class='tile ftg-preload  '><a title=\"Parquet ch\u00eane\" data-lightbox='ftg-33' rel='ftg-33'  class=' tile-inner  ftg-lightbox' href='https:\/\/menuiserie-louisjallet.fr\/wp-content\/uploads\/2021\/06\/Parquet-chene-768x1024.jpg' ><img alt='Parquet ch\u00eane' class='item skip-lazy' data-class='item' data-ftg-source='https:\/\/menuiserie-louisjallet.fr\/wp-content\/uploads\/2021\/06\/Parquet-chene-768x1024.jpg' src='https:\/\/menuiserie-louisjallet.fr\/wp-content\/uploads\/2021\/06\/Parquet-chene-768x1024.jpg' width='1920' height='2560' \/><div class='caption-block'><div class='text-wrapper'><span class='title'>Parquet ch\u00eane<\/span><\/div><\/div><\/a><div class='ftg-social'><\/div><\/div><div  class='tile ftg-preload  '><a title=\"Porte coulissante (\u00e0 galandage)\" data-lightbox='ftg-33' rel='ftg-33'  class=' tile-inner  ftg-lightbox' href='https:\/\/menuiserie-louisjallet.fr\/wp-content\/uploads\/2021\/06\/Porte-a-galandage-699x1024.jpg' ><img alt='Porte coulissante (\u00e0 galandage)' class='item skip-lazy' data-class='item' data-ftg-source='https:\/\/menuiserie-louisjallet.fr\/wp-content\/uploads\/2021\/06\/Porte-a-galandage-699x1024.jpg' src='https:\/\/menuiserie-louisjallet.fr\/wp-content\/uploads\/2021\/06\/Porte-a-galandage-699x1024.jpg' width='1748' height='2560' \/><div class='caption-block'><div class='text-wrapper'><span class='title'>Porte coulissante (\u00e0 galandage)<\/span><\/div><\/div><\/a><div class='ftg-social'><\/div><\/div><div  class='tile ftg-preload  '><a title=\"Porte int\u00e9rieure et habillages lat\u00e9raux\" data-lightbox='ftg-33' rel='ftg-33'  class=' tile-inner  ftg-lightbox' href='https:\/\/menuiserie-louisjallet.fr\/wp-content\/uploads\/2021\/06\/Porte-interieure-habillages-lateraux-1-633x1024.jpg' ><img alt='Porte int\u00e9rieure et habillages lat\u00e9raux' class='item skip-lazy' data-class='item' data-ftg-source='https:\/\/menuiserie-louisjallet.fr\/wp-content\/uploads\/2021\/06\/Porte-interieure-habillages-lateraux-1-633x1024.jpg' src='https:\/\/menuiserie-louisjallet.fr\/wp-content\/uploads\/2021\/06\/Porte-interieure-habillages-lateraux-1-633x1024.jpg' width='1583' height='2560' \/><div class='caption-block'><div class='text-wrapper'><span class='title'>Porte int\u00e9rieure et habillages lat\u00e9raux<\/span><\/div><\/div><\/a><div class='ftg-social'><\/div><\/div><div  class='tile ftg-preload  '><a title=\"Porte int\u00e9rieure et habillages lat\u00e9raux\" data-lightbox='ftg-33' rel='ftg-33'  class=' tile-inner  ftg-lightbox' href='https:\/\/menuiserie-louisjallet.fr\/wp-content\/uploads\/2021\/06\/Porte-interieure-habillages-lateraux-2-683x1024.jpg' ><img alt='Porte int\u00e9rieure et habillages lat\u00e9raux' class='item skip-lazy' data-class='item' data-ftg-source='https:\/\/menuiserie-louisjallet.fr\/wp-content\/uploads\/2021\/06\/Porte-interieure-habillages-lateraux-2-683x1024.jpg' src='https:\/\/menuiserie-louisjallet.fr\/wp-content\/uploads\/2021\/06\/Porte-interieure-habillages-lateraux-2-683x1024.jpg' width='1707' height='2560' \/><div class='caption-block'><div class='text-wrapper'><span class='title'>Porte int\u00e9rieure et habillages lat\u00e9raux<\/span><\/div><\/div><\/a><div class='ftg-social'><\/div><\/div><div  class='tile ftg-preload  '><a title=\"Tablette de fen\u00eatre\" data-lightbox='ftg-33' rel='ftg-33'  class=' tile-inner  ftg-lightbox' href='https:\/\/menuiserie-louisjallet.fr\/wp-content\/uploads\/2021\/06\/Tablette-de-fenetre-683x1024.jpg' ><img alt='Tablette de fen\u00eatre' class='item skip-lazy' data-class='item' data-ftg-source='https:\/\/menuiserie-louisjallet.fr\/wp-content\/uploads\/2021\/06\/Tablette-de-fenetre-683x1024.jpg' src='https:\/\/menuiserie-louisjallet.fr\/wp-content\/uploads\/2021\/06\/Tablette-de-fenetre-683x1024.jpg' width='1707' height='2560' \/><div class='caption-block'><div class='text-wrapper'><span class='title'>Tablette de fen\u00eatre<\/span><\/div><\/div><\/a><div class='ftg-social'><\/div><\/div><\/div><\/div><script type='text\/javascript'>jQuery('#ftg-33 img.item').removeAttr('src');jQuery(document).ready(function () {setTimeout(function () {jQuery('#ftg-33').finalTilesGallery({minTileWidth: 250,margin: 10,loadMethod: 'sequential',nonce: '38643a2c94',galleryId: '3',setupFilters: true,layout: 'columns',debug: false,gridSize: 40,disableGridSizeBelow:800,allowEnlargement: true,columns: [[4000, 3],[1024, 4],[800, 3],[480, 3],[320, 2]],selectedFilter: 'n-a'});jQuery(function () {(function () {var rel = '';jQuery('#ftg-33 .ftg-lightbox').click(function (e) {rel = jQuery(this).attr('rel');jQuery('#ftg-33 .ftg-current').removeClass('ftg-current');jQuery('#ftg-33 [rel=\"'+rel+'\"]').addClass('ftg-current');});})();});}, 0);});<\/script><\/div>\n\t\t\t\t<\/div>\n\t\t\t\t<\/div>\n\t\t\t\t\t<\/div>\n\t\t<\/div>\n\t\t\t\t\t<\/div>\n\t\t<\/section>\n\t\t\t\t<section class=\"elementor-section elementor-top-section elementor-element elementor-element-0a206d6 elementor-section-boxed elementor-section-height-default elementor-section-height-default\" data-id=\"0a206d6\" data-element_type=\"section\">\n\t\t\t\t\t\t<div class=\"elementor-container elementor-column-gap-default\">\n\t\t\t\t\t<div class=\"elementor-column elementor-col-100 elementor-top-column elementor-element elementor-element-b820eee\" data-id=\"b820eee\" data-element_type=\"column\">\n\t\t\t<div class=\"elementor-widget-wrap elementor-element-populated\">\n\t\t\t\t\t\t<div class=\"elementor-element elementor-element-0305032 elementor-widget elementor-widget-spacer\" data-id=\"0305032\" data-element_type=\"widget\" data-widget_type=\"spacer.default\">\n\t\t\t\t<div class=\"elementor-widget-container\">\n\t\t\t\t\t<div class=\"elementor-spacer\">\n\t\t\t<div class=\"elementor-spacer-inner\"><\/div>\n\t\t<\/div>\n\t\t\t\t<\/div>\n\t\t\t\t<\/div>\n\t\t\t\t\t<\/div>\n\t\t<\/div>\n\t\t\t\t\t<\/div>\n\t\t<\/section>\n\t\t\t\t<\/div>\n\t\t","protected":false},"excerpt":{"rendered":"<p>Exemples de nos r\u00e9alisations de menuiseries int\u00e9rieures Pour vous inspirer<\/p>\n","protected":false},"author":1,"featured_media":0,"parent":0,"menu_order":0,"comment_status":"closed","ping_status":"closed","template":"elementor_header_footer","meta":{"neve_meta_sidebar":"","neve_meta_container":"","neve_meta_enable_content_width":"on","neve_meta_content_width":100,"neve_meta_title_alignment":"","neve_meta_author_avatar":"","neve_post_elements_order":"","neve_meta_disable_header":"","neve_meta_disable_footer":"","neve_meta_disable_title":"on","footnotes":""},"class_list":["post-1981","page","type-page","status-publish","hentry"],"yoast_head":"<!-- This site is optimized with the Yoast SEO plugin v22.6 - https:\/\/yoast.com\/wordpress\/plugins\/seo\/ -->\n<title>Louis Jallet R\u00e9alisations de menuiseries int\u00e9rieures sur mesure<\/title>\n<meta name=\"description\" content=\"Louis Jallet - R\u00e9alisations de menuiseries int\u00e9rieures sur mesure pour votre habitat (planchers, escaliers, portes int\u00e9rieures, boiseries)\" \/>\n<meta name=\"robots\" content=\"noindex, nofollow\" \/>\n<meta property=\"og:locale\" content=\"fr_FR\" \/>\n<meta property=\"og:type\" content=\"article\" \/>\n<meta property=\"og:title\" content=\"Louis Jallet R\u00e9alisations de menuiseries int\u00e9rieures sur mesure\" \/>\n<meta property=\"og:description\" content=\"Louis Jallet - R\u00e9alisations de menuiseries int\u00e9rieures sur mesure pour votre habitat (planchers, escaliers, portes int\u00e9rieures, boiseries)\" \/>\n<meta property=\"og:url\" content=\"https:\/\/menuiserie-louisjallet.fr\/index.php\/nos-realisations-menuiseries-interieures\/\" \/>\n<meta property=\"og:site_name\" content=\"\u00c9tablissements Louis Jallet | Charpentes et Menuiseries \u00e0 Nercillac depuis 1938\" \/>\n<meta property=\"article:modified_time\" content=\"2021-06-29T10:46:39+00:00\" \/>\n<meta name=\"twitter:card\" content=\"summary_large_image\" \/>\n<meta name=\"twitter:label1\" content=\"Dur\u00e9e de lecture estim\u00e9e\" \/>\n\t<meta name=\"twitter:data1\" content=\"1 minute\" \/>\n<script type=\"application\/ld+json\" class=\"yoast-schema-graph\">{\"@context\":\"https:\/\/schema.org\",\"@graph\":[{\"@type\":\"WebPage\",\"@id\":\"https:\/\/menuiserie-louisjallet.fr\/index.php\/nos-realisations-menuiseries-interieures\/\",\"url\":\"https:\/\/menuiserie-louisjallet.fr\/index.php\/nos-realisations-menuiseries-interieures\/\",\"name\":\"Louis Jallet R\u00e9alisations de menuiseries int\u00e9rieures sur mesure\",\"isPartOf\":{\"@id\":\"https:\/\/menuiserie-louisjallet.fr\/#website\"},\"datePublished\":\"2021-06-05T14:41:38+00:00\",\"dateModified\":\"2021-06-29T10:46:39+00:00\",\"description\":\"Louis Jallet - R\u00e9alisations de menuiseries int\u00e9rieures sur mesure pour votre habitat (planchers, escaliers, portes int\u00e9rieures, boiseries)\",\"breadcrumb\":{\"@id\":\"https:\/\/menuiserie-louisjallet.fr\/index.php\/nos-realisations-menuiseries-interieures\/#breadcrumb\"},\"inLanguage\":\"fr-FR\",\"potentialAction\":[{\"@type\":\"ReadAction\",\"target\":[\"https:\/\/menuiserie-louisjallet.fr\/index.php\/nos-realisations-menuiseries-interieures\/\"]}]},{\"@type\":\"BreadcrumbList\",\"@id\":\"https:\/\/menuiserie-louisjallet.fr\/index.php\/nos-realisations-menuiseries-interieures\/#breadcrumb\",\"itemListElement\":[{\"@type\":\"ListItem\",\"position\":1,\"name\":\"Accueil\",\"item\":\"https:\/\/menuiserie-louisjallet.fr\/\"},{\"@type\":\"ListItem\",\"position\":2,\"name\":\"Menuiseries int\u00e9rieures\"}]},{\"@type\":\"WebSite\",\"@id\":\"https:\/\/menuiserie-louisjallet.fr\/#website\",\"url\":\"https:\/\/menuiserie-louisjallet.fr\/\",\"name\":\"\u00c9tablissements Louis Jallet | Charpentes et Menuiseries \u00e0 Nercillac depuis 1938\",\"description\":\"\u00c9tablissements Louis Jallet | Charpentes et Menuiseries\",\"publisher\":{\"@id\":\"https:\/\/menuiserie-louisjallet.fr\/#organization\"},\"potentialAction\":[{\"@type\":\"SearchAction\",\"target\":{\"@type\":\"EntryPoint\",\"urlTemplate\":\"https:\/\/menuiserie-louisjallet.fr\/?s={search_term_string}\"},\"query-input\":\"required name=search_term_string\"}],\"inLanguage\":\"fr-FR\"},{\"@type\":\"Organization\",\"@id\":\"https:\/\/menuiserie-louisjallet.fr\/#organization\",\"name\":\"\u00c9tablissements Louis Jallet\",\"url\":\"https:\/\/menuiserie-louisjallet.fr\/\",\"logo\":{\"@type\":\"ImageObject\",\"inLanguage\":\"fr-FR\",\"@id\":\"https:\/\/menuiserie-louisjallet.fr\/#\/schema\/logo\/image\/\",\"url\":\"https:\/\/menuiserie-louisjallet.fr\/wp-content\/uploads\/2021\/06\/Logo-LOUIS-JALLET-carre.png\",\"contentUrl\":\"https:\/\/menuiserie-louisjallet.fr\/wp-content\/uploads\/2021\/06\/Logo-LOUIS-JALLET-carre.png\",\"width\":500,\"height\":500,\"caption\":\"\u00c9tablissements Louis Jallet\"},\"image\":{\"@id\":\"https:\/\/menuiserie-louisjallet.fr\/#\/schema\/logo\/image\/\"}}]}<\/script>\n<!-- \/ Yoast SEO plugin. -->","yoast_head_json":{"title":"Louis Jallet R\u00e9alisations de menuiseries int\u00e9rieures sur mesure","description":"Louis Jallet - R\u00e9alisations de menuiseries int\u00e9rieures sur mesure pour votre habitat (planchers, escaliers, portes int\u00e9rieures, boiseries)","robots":{"index":"noindex","follow":"nofollow"},"og_locale":"fr_FR","og_type":"article","og_title":"Louis Jallet R\u00e9alisations de menuiseries int\u00e9rieures sur mesure","og_description":"Louis Jallet - R\u00e9alisations de menuiseries int\u00e9rieures sur mesure pour votre habitat (planchers, escaliers, portes int\u00e9rieures, boiseries)","og_url":"https:\/\/menuiserie-louisjallet.fr\/index.php\/nos-realisations-menuiseries-interieures\/","og_site_name":"\u00c9tablissements Louis Jallet | Charpentes et Menuiseries \u00e0 Nercillac depuis 1938","article_modified_time":"2021-06-29T10:46:39+00:00","twitter_card":"summary_large_image","twitter_misc":{"Dur\u00e9e de lecture estim\u00e9e":"1 minute"},"schema":{"@context":"https:\/\/schema.org","@graph":[{"@type":"WebPage","@id":"https:\/\/menuiserie-louisjallet.fr\/index.php\/nos-realisations-menuiseries-interieures\/","url":"https:\/\/menuiserie-louisjallet.fr\/index.php\/nos-realisations-menuiseries-interieures\/","name":"Louis Jallet R\u00e9alisations de menuiseries int\u00e9rieures sur mesure","isPartOf":{"@id":"https:\/\/menuiserie-louisjallet.fr\/#website"},"datePublished":"2021-06-05T14:41:38+00:00","dateModified":"2021-06-29T10:46:39+00:00","description":"Louis Jallet - R\u00e9alisations de menuiseries int\u00e9rieures sur mesure pour votre habitat (planchers, escaliers, portes int\u00e9rieures, boiseries)","breadcrumb":{"@id":"https:\/\/menuiserie-louisjallet.fr\/index.php\/nos-realisations-menuiseries-interieures\/#breadcrumb"},"inLanguage":"fr-FR","potentialAction":[{"@type":"ReadAction","target":["https:\/\/menuiserie-louisjallet.fr\/index.php\/nos-realisations-menuiseries-interieures\/"]}]},{"@type":"BreadcrumbList","@id":"https:\/\/menuiserie-louisjallet.fr\/index.php\/nos-realisations-menuiseries-interieures\/#breadcrumb","itemListElement":[{"@type":"ListItem","position":1,"name":"Accueil","item":"https:\/\/menuiserie-louisjallet.fr\/"},{"@type":"ListItem","position":2,"name":"Menuiseries int\u00e9rieures"}]},{"@type":"WebSite","@id":"https:\/\/menuiserie-louisjallet.fr\/#website","url":"https:\/\/menuiserie-louisjallet.fr\/","name":"\u00c9tablissements Louis Jallet | Charpentes et Menuiseries \u00e0 Nercillac depuis 1938","description":"\u00c9tablissements Louis Jallet | Charpentes et Menuiseries","publisher":{"@id":"https:\/\/menuiserie-louisjallet.fr\/#organization"},"potentialAction":[{"@type":"SearchAction","target":{"@type":"EntryPoint","urlTemplate":"https:\/\/menuiserie-louisjallet.fr\/?s={search_term_string}"},"query-input":"required name=search_term_string"}],"inLanguage":"fr-FR"},{"@type":"Organization","@id":"https:\/\/menuiserie-louisjallet.fr\/#organization","name":"\u00c9tablissements Louis Jallet","url":"https:\/\/menuiserie-louisjallet.fr\/","logo":{"@type":"ImageObject","inLanguage":"fr-FR","@id":"https:\/\/menuiserie-louisjallet.fr\/#\/schema\/logo\/image\/","url":"https:\/\/menuiserie-louisjallet.fr\/wp-content\/uploads\/2021\/06\/Logo-LOUIS-JALLET-carre.png","contentUrl":"https:\/\/menuiserie-louisjallet.fr\/wp-content\/uploads\/2021\/06\/Logo-LOUIS-JALLET-carre.png","width":500,"height":500,"caption":"\u00c9tablissements Louis Jallet"},"image":{"@id":"https:\/\/menuiserie-louisjallet.fr\/#\/schema\/logo\/image\/"}}]}},"_links":{"self":[{"href":"https:\/\/menuiserie-louisjallet.fr\/index.php\/wp-json\/wp\/v2\/pages\/1981","targetHints":{"allow":["GET"]}}],"collection":[{"href":"https:\/\/menuiserie-louisjallet.fr\/index.php\/wp-json\/wp\/v2\/pages"}],"about":[{"href":"https:\/\/menuiserie-louisjallet.fr\/index.php\/wp-json\/wp\/v2\/types\/page"}],"author":[{"embeddable":true,"href":"https:\/\/menuiserie-louisjallet.fr\/index.php\/wp-json\/wp\/v2\/users\/1"}],"replies":[{"embeddable":true,"href":"https:\/\/menuiserie-louisjallet.fr\/index.php\/wp-json\/wp\/v2\/comments?post=1981"}],"version-history":[{"count":11,"href":"https:\/\/menuiserie-louisjallet.fr\/index.php\/wp-json\/wp\/v2\/pages\/1981\/revisions"}],"predecessor-version":[{"id":2805,"href":"https:\/\/menuiserie-louisjallet.fr\/index.php\/wp-json\/wp\/v2\/pages\/1981\/revisions\/2805"}],"wp:attachment":[{"href":"https:\/\/menuiserie-louisjallet.fr\/index.php\/wp-json\/wp\/v2\/media?parent=1981"}],"curies":[{"name":"wp","href":"https:\/\/api.w.org\/{rel}","templated":true}]}}